{"id":3454,"date":"2023-02-27T00:27:15","date_gmt":"2023-02-26T23:27:15","guid":{"rendered":"https:\/\/jj-remont.pl\/?page_id=3454"},"modified":"2023-02-27T00:28:42","modified_gmt":"2023-02-26T23:28:42","slug":"instalacja-kuchni","status":"publish","type":"page","link":"https:\/\/jj-remont.pl\/index.php\/instalacja-kuchni\/","title":{"rendered":"Instalacja kuchni"},"content":{"rendered":"\t\t<div data-elementor-type=\"wp-page\" data-elementor-id=\"3454\" class=\"elementor elementor-3454\" data-elementor-post-type=\"page\">\n\t\t\t\t\t\t\t\t\t<section data-particle_enable=\"false\" data-particle-mobile-disabled=\"false\" class=\"elementor-section elementor-top-section elementor-element elementor-element-309142c elementor-section-boxed elementor-section-height-default elementor-section-height-default\" data-id=\"309142c\" data-element_type=\"section\">\n\t\t\t\t\t\t<div class=\"elementor-container elementor-column-gap-default\">\n\t\t\t\t\t<div class=\"elementor-column elementor-col-100 elementor-top-column elementor-element elementor-element-18ca258c\" data-id=\"18ca258c\" data-element_type=\"column\">\n\t\t\t<div class=\"elementor-widget-wrap elementor-element-populated\">\n\t\t\t\t\t\t\t\t<div class=\"elementor-element elementor-element-606b896d elementor-widget elementor-widget-heading\" data-id=\"606b896d\" data-element_type=\"widget\" data-widget_type=\"heading.default\">\n\t\t\t\t<div class=\"elementor-widget-container\">\n\t\t\t<h2 class=\"elementor-heading-title elementor-size-default\">Instalacja kuchni<\/h2>\t\t<\/div>\n\t\t\t\t<\/div>\n\t\t\t\t<div class=\"elementor-element elementor-element-4744c95b elementor-widget-divider--view-line_icon elementor-view-default elementor-widget-divider--element-align-center elementor-widget elementor-widget-divider\" data-id=\"4744c95b\" data-element_type=\"widget\" data-widget_type=\"divider.default\">\n\t\t\t\t<div class=\"elementor-widget-container\">\n\t\t\t\t\t<div class=\"elementor-divider\">\n\t\t\t<span class=\"elementor-divider-separator\">\n\t\t\t\t\t\t\t<div class=\"elementor-icon elementor-divider__element\">\n\t\t\t\t\t<i aria-hidden=\"true\" class=\"fas fa-square-full\"><\/i><\/div>\n\t\t\t\t\t\t<\/span>\n\t\t<\/div>\n\t\t\t\t<\/div>\n\t\t\t\t<\/div>\n\t\t\t\t\t<\/div>\n\t\t<\/div>\n\t\t\t\t\t\t\t<\/div>\n\t\t<\/section>\n\t\t\t\t<section data-particle_enable=\"false\" data-particle-mobile-disabled=\"false\" class=\"elementor-section elementor-top-section elementor-element elementor-element-1b0a7259 elementor-section-boxed elementor-section-height-default elementor-section-height-default\" data-id=\"1b0a7259\" data-element_type=\"section\">\n\t\t\t\t\t\t<div class=\"elementor-container elementor-column-gap-default\">\n\t\t\t\t\t<div class=\"elementor-column elementor-col-100 elementor-top-column elementor-element elementor-element-3845f9c0\" data-id=\"3845f9c0\" data-element_type=\"column\">\n\t\t\t<div class=\"elementor-widget-wrap elementor-element-populated\">\n\t\t\t\t\t\t\t\t<div class=\"elementor-element elementor-element-703f6499 elementor-widget elementor-widget-text-editor\" data-id=\"703f6499\" data-element_type=\"widget\" data-widget_type=\"text-editor.default\">\n\t\t\t\t<div class=\"elementor-widget-container\">\n\t\t\t\t\t\t\t<p><img decoding=\"async\" loading=\"lazy\" class=\"wp-image-3281  alignleft\" src=\"https:\/\/jj-remont.pl\/wp-content\/uploads\/2022\/09\/jj-remont_10_pbl-1-146x300.jpg\" alt=\"\" width=\"146\" height=\"300\" srcset=\"https:\/\/jj-remont.pl\/wp-content\/uploads\/2022\/09\/jj-remont_10_pbl-1-146x300.jpg 146w, https:\/\/jj-remont.pl\/wp-content\/uploads\/2022\/09\/jj-remont_10_pbl-1-497x1024.jpg 497w, https:\/\/jj-remont.pl\/wp-content\/uploads\/2022\/09\/jj-remont_10_pbl-1.jpg 610w\" sizes=\"(max-width: 146px) 100vw, 146px\" \/>Czy wiedzia\u0142e\u015b, \u017ce:<br \/>&#8211; powa\u017cnym b\u0142\u0119dem podczas przyst\u0119powania do remontu kuchni jest zaburzona kolejno\u015b\u0107 prac?,<br \/>dlatego zanim zainstalujesz przy\u0142\u0105cza wod.-kan. i punkty elektryczne oraz przewody kanalizacyjne,<br \/>musisz wiedzie\u0107 jaki uk\u0142ad b\u0119dzie mia\u0142a Twoja kuchnia, w kt\u00f3rym miejscu b\u0119dzie zamontowany<br \/>okap oraz jakiego rodzaju meble chcesz wykorzysta\u0107 ( wolnostoj\u0105ce, czy do zabudowy ).<br \/>Dlatego bardzo dobrym pomys\u0142em jest powierzenie dekoratorowi wn\u0119trz przygotowanie solidnego<br \/>projektu, w kt\u00f3rym b\u0119d\u0105 uwzgl\u0119dnione indywidualne potrzeby wesp\u00f3\u0142 z bardzo istotn\u0105<br \/>funkcjonalno\u015bci\u0105 i ergonomi\u0105 kuchni.<\/p>\t\t\t\t\t\t<\/div>\n\t\t\t\t<\/div>\n\t\t\t\t\t<\/div>\n\t\t<\/div>\n\t\t\t\t\t\t\t<\/div>\n\t\t<\/section>\n\t\t\t\t\t\t\t<\/div>\n\t\t","protected":false},"excerpt":{"rendered":"<p>Instalacja kuchni Czy wiedzia\u0142e\u015b, \u017ce:&#8211; powa\u017cnym b\u0142\u0119dem podczas przyst\u0119powania do remontu kuchni jest zaburzona kolejno\u015b\u0107 prac?,dlatego zanim zainstalujesz przy\u0142\u0105cza wod.-kan. i punkty elektryczne oraz przewody kanalizacyjne,musisz wiedzie\u0107 jaki uk\u0142ad b\u0119dzie mia\u0142a Twoja kuchnia, w kt\u00f3rym miejscu b\u0119dzie zamontowanyokap oraz jakiego rodzaju meble chcesz wykorzysta\u0107 ( wolnostoj\u0105ce, czy do zabudowy ).Dlatego bardzo dobrym pomys\u0142em jest powierzenie [&hellip;]<\/p>\n","protected":false},"author":1,"featured_media":0,"parent":0,"menu_order":0,"comment_status":"closed","ping_status":"closed","template":"","meta":{"footnotes":""},"yoast_head":"<!-- This site is optimized with the Yoast SEO Premium plugin v19.7 (Yoast SEO v20.2) - https:\/\/yoast.com\/wordpress\/plugins\/seo\/ -->\n<title>Instalacja kuchni - JJ-remont<\/title>\n<meta name=\"robots\" content=\"index, follow, max-snippet:-1, max-image-preview:large, max-video-preview:-1\" \/>\n<link rel=\"canonical\" href=\"https:\/\/jj-remont.pl\/index.php\/instalacja-kuchni\/\" \/>\n<meta property=\"og:locale\" content=\"pl_PL\" \/>\n<meta property=\"og:type\" content=\"article\" \/>\n<meta property=\"og:title\" content=\"Instalacja kuchni\" \/>\n<meta property=\"og:description\" content=\"Instalacja kuchni Czy wiedzia\u0142e\u015b, \u017ce:&#8211; powa\u017cnym b\u0142\u0119dem podczas przyst\u0119powania do remontu kuchni jest zaburzona kolejno\u015b\u0107 prac?,dlatego zanim zainstalujesz przy\u0142\u0105cza wod.-kan. i punkty elektryczne oraz przewody kanalizacyjne,musisz wiedzie\u0107 jaki uk\u0142ad b\u0119dzie mia\u0142a Twoja kuchnia, w kt\u00f3rym miejscu b\u0119dzie zamontowanyokap oraz jakiego rodzaju meble chcesz wykorzysta\u0107 ( wolnostoj\u0105ce, czy do zabudowy ).Dlatego bardzo dobrym pomys\u0142em jest powierzenie [&hellip;]\" \/>\n<meta property=\"og:url\" content=\"https:\/\/jj-remont.pl\/index.php\/instalacja-kuchni\/\" \/>\n<meta property=\"og:site_name\" content=\"JJ-remont\" \/>\n<meta property=\"article:publisher\" content=\"https:\/\/www.facebook.com\/profile.php?id=100085496440510\" \/>\n<meta property=\"article:modified_time\" content=\"2023-02-26T23:28:42+00:00\" \/>\n<meta property=\"og:image\" content=\"https:\/\/jj-remont.pl\/wp-content\/uploads\/2022\/09\/jj-remont_10_pbl-1-146x300.jpg\" \/>\n<meta name=\"twitter:card\" content=\"summary_large_image\" \/>\n<script type=\"application\/ld+json\" class=\"yoast-schema-graph\">{\"@context\":\"https:\/\/schema.org\",\"@graph\":[{\"@type\":\"WebPage\",\"@id\":\"https:\/\/jj-remont.pl\/index.php\/instalacja-kuchni\/\",\"url\":\"https:\/\/jj-remont.pl\/index.php\/instalacja-kuchni\/\",\"name\":\"Instalacja kuchni - JJ-remont\",\"isPartOf\":{\"@id\":\"https:\/\/jj-remont.pl\/#website\"},\"datePublished\":\"2023-02-26T23:27:15+00:00\",\"dateModified\":\"2023-02-26T23:28:42+00:00\",\"breadcrumb\":{\"@id\":\"https:\/\/jj-remont.pl\/index.php\/instalacja-kuchni\/#breadcrumb\"},\"inLanguage\":\"pl-PL\",\"potentialAction\":[{\"@type\":\"ReadAction\",\"target\":[\"https:\/\/jj-remont.pl\/index.php\/instalacja-kuchni\/\"]}]},{\"@type\":\"BreadcrumbList\",\"@id\":\"https:\/\/jj-remont.pl\/index.php\/instalacja-kuchni\/#breadcrumb\",\"itemListElement\":[{\"@type\":\"ListItem\",\"position\":1,\"name\":\"Strona g??wna\",\"item\":\"https:\/\/jj-remont.pl\/\"},{\"@type\":\"ListItem\",\"position\":2,\"name\":\"Instalacja kuchni\"}]},{\"@type\":\"WebSite\",\"@id\":\"https:\/\/jj-remont.pl\/#website\",\"url\":\"https:\/\/jj-remont.pl\/\",\"name\":\"JJ-remont\",\"description\":\"- remonty i wyko\u0144czenia wn\u0119trz\",\"publisher\":{\"@id\":\"https:\/\/jj-remont.pl\/#organization\"},\"potentialAction\":[{\"@type\":\"SearchAction\",\"target\":{\"@type\":\"EntryPoint\",\"urlTemplate\":\"https:\/\/jj-remont.pl\/?s={search_term_string}\"},\"query-input\":\"required name=search_term_string\"}],\"inLanguage\":\"pl-PL\"},{\"@type\":\"Organization\",\"@id\":\"https:\/\/jj-remont.pl\/#organization\",\"name\":\"jj-remont.pl\",\"url\":\"https:\/\/jj-remont.pl\/\",\"logo\":{\"@type\":\"ImageObject\",\"inLanguage\":\"pl-PL\",\"@id\":\"https:\/\/jj-remont.pl\/#\/schema\/logo\/image\/\",\"url\":\"https:\/\/jj-remont.pl\/wp-content\/uploads\/2022\/08\/jj-remont-logo-v-transbckg.png\",\"contentUrl\":\"https:\/\/jj-remont.pl\/wp-content\/uploads\/2022\/08\/jj-remont-logo-v-transbckg.png\",\"width\":220,\"height\":220,\"caption\":\"jj-remont.pl\"},\"image\":{\"@id\":\"https:\/\/jj-remont.pl\/#\/schema\/logo\/image\/\"},\"sameAs\":[\"https:\/\/www.facebook.com\/profile.php?id=100085496440510\"]}]}<\/script>\n<!-- \/ Yoast SEO Premium plugin. -->","yoast_head_json":{"title":"Instalacja kuchni - JJ-remont","robots":{"index":"index","follow":"follow","max-snippet":"max-snippet:-1","max-image-preview":"max-image-preview:large","max-video-preview":"max-video-preview:-1"},"canonical":"https:\/\/jj-remont.pl\/index.php\/instalacja-kuchni\/","og_locale":"pl_PL","og_type":"article","og_title":"Instalacja kuchni","og_description":"Instalacja kuchni Czy wiedzia\u0142e\u015b, \u017ce:&#8211; powa\u017cnym b\u0142\u0119dem podczas przyst\u0119powania do remontu kuchni jest zaburzona kolejno\u015b\u0107 prac?,dlatego zanim zainstalujesz przy\u0142\u0105cza wod.-kan. i punkty elektryczne oraz przewody kanalizacyjne,musisz wiedzie\u0107 jaki uk\u0142ad b\u0119dzie mia\u0142a Twoja kuchnia, w kt\u00f3rym miejscu b\u0119dzie zamontowanyokap oraz jakiego rodzaju meble chcesz wykorzysta\u0107 ( wolnostoj\u0105ce, czy do zabudowy ).Dlatego bardzo dobrym pomys\u0142em jest powierzenie [&hellip;]","og_url":"https:\/\/jj-remont.pl\/index.php\/instalacja-kuchni\/","og_site_name":"JJ-remont","article_publisher":"https:\/\/www.facebook.com\/profile.php?id=100085496440510","article_modified_time":"2023-02-26T23:28:42+00:00","og_image":[{"url":"https:\/\/jj-remont.pl\/wp-content\/uploads\/2022\/09\/jj-remont_10_pbl-1-146x300.jpg"}],"twitter_card":"summary_large_image","schema":{"@context":"https:\/\/schema.org","@graph":[{"@type":"WebPage","@id":"https:\/\/jj-remont.pl\/index.php\/instalacja-kuchni\/","url":"https:\/\/jj-remont.pl\/index.php\/instalacja-kuchni\/","name":"Instalacja kuchni - JJ-remont","isPartOf":{"@id":"https:\/\/jj-remont.pl\/#website"},"datePublished":"2023-02-26T23:27:15+00:00","dateModified":"2023-02-26T23:28:42+00:00","breadcrumb":{"@id":"https:\/\/jj-remont.pl\/index.php\/instalacja-kuchni\/#breadcrumb"},"inLanguage":"pl-PL","potentialAction":[{"@type":"ReadAction","target":["https:\/\/jj-remont.pl\/index.php\/instalacja-kuchni\/"]}]},{"@type":"BreadcrumbList","@id":"https:\/\/jj-remont.pl\/index.php\/instalacja-kuchni\/#breadcrumb","itemListElement":[{"@type":"ListItem","position":1,"name":"Strona g??wna","item":"https:\/\/jj-remont.pl\/"},{"@type":"ListItem","position":2,"name":"Instalacja kuchni"}]},{"@type":"WebSite","@id":"https:\/\/jj-remont.pl\/#website","url":"https:\/\/jj-remont.pl\/","name":"JJ-remont","description":"- remonty i wyko\u0144czenia wn\u0119trz","publisher":{"@id":"https:\/\/jj-remont.pl\/#organization"},"potentialAction":[{"@type":"SearchAction","target":{"@type":"EntryPoint","urlTemplate":"https:\/\/jj-remont.pl\/?s={search_term_string}"},"query-input":"required name=search_term_string"}],"inLanguage":"pl-PL"},{"@type":"Organization","@id":"https:\/\/jj-remont.pl\/#organization","name":"jj-remont.pl","url":"https:\/\/jj-remont.pl\/","logo":{"@type":"ImageObject","inLanguage":"pl-PL","@id":"https:\/\/jj-remont.pl\/#\/schema\/logo\/image\/","url":"https:\/\/jj-remont.pl\/wp-content\/uploads\/2022\/08\/jj-remont-logo-v-transbckg.png","contentUrl":"https:\/\/jj-remont.pl\/wp-content\/uploads\/2022\/08\/jj-remont-logo-v-transbckg.png","width":220,"height":220,"caption":"jj-remont.pl"},"image":{"@id":"https:\/\/jj-remont.pl\/#\/schema\/logo\/image\/"},"sameAs":["https:\/\/www.facebook.com\/profile.php?id=100085496440510"]}]}},"_links":{"self":[{"href":"https:\/\/jj-remont.pl\/index.php\/wp-json\/wp\/v2\/pages\/3454"}],"collection":[{"href":"https:\/\/jj-remont.pl\/index.php\/wp-json\/wp\/v2\/pages"}],"about":[{"href":"https:\/\/jj-remont.pl\/index.php\/wp-json\/wp\/v2\/types\/page"}],"author":[{"embeddable":true,"href":"https:\/\/jj-remont.pl\/index.php\/wp-json\/wp\/v2\/users\/1"}],"replies":[{"embeddable":true,"href":"https:\/\/jj-remont.pl\/index.php\/wp-json\/wp\/v2\/comments?post=3454"}],"version-history":[{"count":5,"href":"https:\/\/jj-remont.pl\/index.php\/wp-json\/wp\/v2\/pages\/3454\/revisions"}],"predecessor-version":[{"id":3459,"href":"https:\/\/jj-remont.pl\/index.php\/wp-json\/wp\/v2\/pages\/3454\/revisions\/3459"}],"wp:attachment":[{"href":"https:\/\/jj-remont.pl\/index.php\/wp-json\/wp\/v2\/media?parent=3454"}],"curies":[{"name":"wp","href":"https:\/\/api.w.org\/{rel}","templated":true}]}}