{"id":3472,"date":"2023-02-27T00:34:25","date_gmt":"2023-02-26T23:34:25","guid":{"rendered":"https:\/\/jj-remont.pl\/?page_id=3472"},"modified":"2023-02-27T00:35:36","modified_gmt":"2023-02-26T23:35:36","slug":"montaz-podlog","status":"publish","type":"page","link":"https:\/\/jj-remont.pl\/index.php\/montaz-podlog\/","title":{"rendered":"Monta\u017c Pod\u0142\u00f3g"},"content":{"rendered":"\t\t<div data-elementor-type=\"wp-page\" data-elementor-id=\"3472\" class=\"elementor elementor-3472\" data-elementor-post-type=\"page\">\n\t\t\t\t\t\t\t\t\t<section data-particle_enable=\"false\" data-particle-mobile-disabled=\"false\" class=\"elementor-section elementor-top-section elementor-element elementor-element-5b4f740b elementor-section-boxed elementor-section-height-default elementor-section-height-default\" data-id=\"5b4f740b\" data-element_type=\"section\">\n\t\t\t\t\t\t<div class=\"elementor-container elementor-column-gap-default\">\n\t\t\t\t\t<div class=\"elementor-column elementor-col-100 elementor-top-column elementor-element elementor-element-e1b68f7\" data-id=\"e1b68f7\" data-element_type=\"column\">\n\t\t\t<div class=\"elementor-widget-wrap elementor-element-populated\">\n\t\t\t\t\t\t\t\t<div class=\"elementor-element elementor-element-37a7f039 elementor-widget elementor-widget-heading\" data-id=\"37a7f039\" data-element_type=\"widget\" data-widget_type=\"heading.default\">\n\t\t\t\t<div class=\"elementor-widget-container\">\n\t\t\t<h2 class=\"elementor-heading-title elementor-size-default\">Monta\u017c Pod\u0142\u00f3g<\/h2>\t\t<\/div>\n\t\t\t\t<\/div>\n\t\t\t\t<div class=\"elementor-element elementor-element-33827d99 elementor-widget-divider--view-line_icon elementor-view-default elementor-widget-divider--element-align-center elementor-widget elementor-widget-divider\" data-id=\"33827d99\" data-element_type=\"widget\" data-widget_type=\"divider.default\">\n\t\t\t\t<div class=\"elementor-widget-container\">\n\t\t\t\t\t<div class=\"elementor-divider\">\n\t\t\t<span class=\"elementor-divider-separator\">\n\t\t\t\t\t\t\t<div class=\"elementor-icon elementor-divider__element\">\n\t\t\t\t\t<i aria-hidden=\"true\" class=\"fas fa-square-full\"><\/i><\/div>\n\t\t\t\t\t\t<\/span>\n\t\t<\/div>\n\t\t\t\t<\/div>\n\t\t\t\t<\/div>\n\t\t\t\t\t<\/div>\n\t\t<\/div>\n\t\t\t\t\t\t\t<\/div>\n\t\t<\/section>\n\t\t\t\t<section data-particle_enable=\"false\" data-particle-mobile-disabled=\"false\" class=\"elementor-section elementor-top-section elementor-element elementor-element-413ad170 elementor-section-boxed elementor-section-height-default elementor-section-height-default\" data-id=\"413ad170\" data-element_type=\"section\">\n\t\t\t\t\t\t<div class=\"elementor-container elementor-column-gap-default\">\n\t\t\t\t\t<div class=\"elementor-column elementor-col-100 elementor-top-column elementor-element elementor-element-b887a4a\" data-id=\"b887a4a\" data-element_type=\"column\">\n\t\t\t<div class=\"elementor-widget-wrap elementor-element-populated\">\n\t\t\t\t\t\t\t\t<div class=\"elementor-element elementor-element-7879c97c elementor-widget elementor-widget-text-editor\" data-id=\"7879c97c\" data-element_type=\"widget\" data-widget_type=\"text-editor.default\">\n\t\t\t\t<div class=\"elementor-widget-container\">\n\t\t\t\t\t\t\t<p><img decoding=\"async\" loading=\"lazy\" class=\"wp-image-3276 size-medium alignleft\" src=\"https:\/\/jj-remont.pl\/wp-content\/uploads\/2022\/09\/jj-remont_01-225x300.jpeg\" alt=\"\" width=\"225\" height=\"300\" srcset=\"https:\/\/jj-remont.pl\/wp-content\/uploads\/2022\/09\/jj-remont_01-225x300.jpeg 225w, https:\/\/jj-remont.pl\/wp-content\/uploads\/2022\/09\/jj-remont_01.jpeg 540w\" sizes=\"(max-width: 225px) 100vw, 225px\" \/>Pod\u0142oga musi sprosta\u0107 wielu naszym oczekiwaniom: by\u0107 funkcjonalna, \u0142adna, wytrzyma\u0142a i mie\u0107<br \/>dobrze wyko\u0144czon\u0105 powierzchni\u0119.<br \/>Warto te\u017c sprawdzi\u0107, czy t\u0119 najpi\u0119kniejsz\u0105 pod\u0142og\u0119, kt\u00f3r\u0105 wybrali\u015bmy mo\u017cemy zamontowa\u0107 w:<br \/>&#8211; pomieszczeniu, gdzie jest ogrzewanie pod\u0142ogowe,<br \/>&#8211; jak gruba jest warstwa drewna w przypadku pod\u0142ogi wielowarstwowej, aby mo\u017cna by\u0142o j\u0105 w<br \/>przysz\u0142o\u015bci cyklinowa\u0107 kilkakrotnie, je\u017celi taka potrzeba w pomieszczeniach o du\u017cym nat\u0119\u017ceniu<br \/>ruchu ( okolice kuchni, a wi\u0119c salon, lub okolice schod\u00f3w ).<br \/>O ostatecznym wygl\u0105dzie oraz trwa\u0142o\u015bci posadzki decyduje mi\u0119dzy innymi spos\u00f3b jej<br \/>wyko\u0144czenia. Preparaty takie jak lakier, olej, wosk i \u0142ug mog\u0105 zachowa\u0107 i podkre\u015bli\u0107 naturalny<br \/>kolor oraz wygl\u0105d pod\u0142ogi drewnianej lub ca\u0142kowicie go zmieni\u0107. Wyb\u00f3r materia\u0142u<br \/>wyko\u0144czeniowego na pod\u0142og\u0119 nie jest \u0142atwy. Aby dobrze to zrobi\u0107, i nie irytowa\u0107 si\u0119 p\u00f3\u017aniej<br \/>konieczno\u015bci\u0105 cz\u0119stszej ni\u017c si\u0119 spodziewali\u015bmy lub bardziej uci\u0105\u017cliwej konserwacji, warto<br \/>wcze\u015bniej pozna\u0107 zalety i wady (oraz ceny) wszystkich dost\u0119pnych preparat\u00f3w.<\/p>\t\t\t\t\t\t<\/div>\n\t\t\t\t<\/div>\n\t\t\t\t\t<\/div>\n\t\t<\/div>\n\t\t\t\t\t\t\t<\/div>\n\t\t<\/section>\n\t\t\t\t\t\t\t<\/div>\n\t\t","protected":false},"excerpt":{"rendered":"<p>Monta\u017c Pod\u0142\u00f3g Pod\u0142oga musi sprosta\u0107 wielu naszym oczekiwaniom: by\u0107 funkcjonalna, \u0142adna, wytrzyma\u0142a i mie\u0107dobrze wyko\u0144czon\u0105 powierzchni\u0119.Warto te\u017c sprawdzi\u0107, czy t\u0119 najpi\u0119kniejsz\u0105 pod\u0142og\u0119, kt\u00f3r\u0105 wybrali\u015bmy mo\u017cemy zamontowa\u0107 w:&#8211; pomieszczeniu, gdzie jest ogrzewanie pod\u0142ogowe,&#8211; jak gruba jest warstwa drewna w przypadku pod\u0142ogi wielowarstwowej, aby mo\u017cna by\u0142o j\u0105 wprzysz\u0142o\u015bci cyklinowa\u0107 kilkakrotnie, je\u017celi taka potrzeba w pomieszczeniach o du\u017cym [&hellip;]<\/p>\n","protected":false},"author":1,"featured_media":0,"parent":0,"menu_order":0,"comment_status":"closed","ping_status":"closed","template":"","meta":{"footnotes":""},"yoast_head":"<!-- This site is optimized with the Yoast SEO Premium plugin v19.7 (Yoast SEO v20.2) - https:\/\/yoast.com\/wordpress\/plugins\/seo\/ -->\n<title>Monta\u017c Pod\u0142\u00f3g - JJ-remont<\/title>\n<meta name=\"robots\" content=\"index, follow, max-snippet:-1, max-image-preview:large, max-video-preview:-1\" \/>\n<link rel=\"canonical\" href=\"https:\/\/jj-remont.pl\/index.php\/montaz-podlog\/\" \/>\n<meta property=\"og:locale\" content=\"pl_PL\" \/>\n<meta property=\"og:type\" content=\"article\" \/>\n<meta property=\"og:title\" content=\"Monta\u017c Pod\u0142\u00f3g\" \/>\n<meta property=\"og:description\" content=\"Monta\u017c Pod\u0142\u00f3g Pod\u0142oga musi sprosta\u0107 wielu naszym oczekiwaniom: by\u0107 funkcjonalna, \u0142adna, wytrzyma\u0142a i mie\u0107dobrze wyko\u0144czon\u0105 powierzchni\u0119.Warto te\u017c sprawdzi\u0107, czy t\u0119 najpi\u0119kniejsz\u0105 pod\u0142og\u0119, kt\u00f3r\u0105 wybrali\u015bmy mo\u017cemy zamontowa\u0107 w:&#8211; pomieszczeniu, gdzie jest ogrzewanie pod\u0142ogowe,&#8211; jak gruba jest warstwa drewna w przypadku pod\u0142ogi wielowarstwowej, aby mo\u017cna by\u0142o j\u0105 wprzysz\u0142o\u015bci cyklinowa\u0107 kilkakrotnie, je\u017celi taka potrzeba w pomieszczeniach o du\u017cym [&hellip;]\" \/>\n<meta property=\"og:url\" content=\"https:\/\/jj-remont.pl\/index.php\/montaz-podlog\/\" \/>\n<meta property=\"og:site_name\" content=\"JJ-remont\" \/>\n<meta property=\"article:publisher\" content=\"https:\/\/www.facebook.com\/profile.php?id=100085496440510\" \/>\n<meta property=\"article:modified_time\" content=\"2023-02-26T23:35:36+00:00\" \/>\n<meta property=\"og:image\" content=\"https:\/\/jj-remont.pl\/wp-content\/uploads\/2022\/09\/jj-remont_01-225x300.jpeg\" \/>\n<meta name=\"twitter:card\" content=\"summary_large_image\" \/>\n<meta name=\"twitter:label1\" content=\"Szacowany czas czytania\" \/>\n\t<meta name=\"twitter:data1\" content=\"1 minuta\" \/>\n<script type=\"application\/ld+json\" class=\"yoast-schema-graph\">{\"@context\":\"https:\/\/schema.org\",\"@graph\":[{\"@type\":\"WebPage\",\"@id\":\"https:\/\/jj-remont.pl\/index.php\/montaz-podlog\/\",\"url\":\"https:\/\/jj-remont.pl\/index.php\/montaz-podlog\/\",\"name\":\"Monta\u017c Pod\u0142\u00f3g - JJ-remont\",\"isPartOf\":{\"@id\":\"https:\/\/jj-remont.pl\/#website\"},\"datePublished\":\"2023-02-26T23:34:25+00:00\",\"dateModified\":\"2023-02-26T23:35:36+00:00\",\"breadcrumb\":{\"@id\":\"https:\/\/jj-remont.pl\/index.php\/montaz-podlog\/#breadcrumb\"},\"inLanguage\":\"pl-PL\",\"potentialAction\":[{\"@type\":\"ReadAction\",\"target\":[\"https:\/\/jj-remont.pl\/index.php\/montaz-podlog\/\"]}]},{\"@type\":\"BreadcrumbList\",\"@id\":\"https:\/\/jj-remont.pl\/index.php\/montaz-podlog\/#breadcrumb\",\"itemListElement\":[{\"@type\":\"ListItem\",\"position\":1,\"name\":\"Strona g??wna\",\"item\":\"https:\/\/jj-remont.pl\/\"},{\"@type\":\"ListItem\",\"position\":2,\"name\":\"Monta\u017c Pod\u0142\u00f3g\"}]},{\"@type\":\"WebSite\",\"@id\":\"https:\/\/jj-remont.pl\/#website\",\"url\":\"https:\/\/jj-remont.pl\/\",\"name\":\"JJ-remont\",\"description\":\"- remonty i wyko\u0144czenia wn\u0119trz\",\"publisher\":{\"@id\":\"https:\/\/jj-remont.pl\/#organization\"},\"potentialAction\":[{\"@type\":\"SearchAction\",\"target\":{\"@type\":\"EntryPoint\",\"urlTemplate\":\"https:\/\/jj-remont.pl\/?s={search_term_string}\"},\"query-input\":\"required name=search_term_string\"}],\"inLanguage\":\"pl-PL\"},{\"@type\":\"Organization\",\"@id\":\"https:\/\/jj-remont.pl\/#organization\",\"name\":\"jj-remont.pl\",\"url\":\"https:\/\/jj-remont.pl\/\",\"logo\":{\"@type\":\"ImageObject\",\"inLanguage\":\"pl-PL\",\"@id\":\"https:\/\/jj-remont.pl\/#\/schema\/logo\/image\/\",\"url\":\"https:\/\/jj-remont.pl\/wp-content\/uploads\/2022\/08\/jj-remont-logo-v-transbckg.png\",\"contentUrl\":\"https:\/\/jj-remont.pl\/wp-content\/uploads\/2022\/08\/jj-remont-logo-v-transbckg.png\",\"width\":220,\"height\":220,\"caption\":\"jj-remont.pl\"},\"image\":{\"@id\":\"https:\/\/jj-remont.pl\/#\/schema\/logo\/image\/\"},\"sameAs\":[\"https:\/\/www.facebook.com\/profile.php?id=100085496440510\"]}]}<\/script>\n<!-- \/ Yoast SEO Premium plugin. -->","yoast_head_json":{"title":"Monta\u017c Pod\u0142\u00f3g - JJ-remont","robots":{"index":"index","follow":"follow","max-snippet":"max-snippet:-1","max-image-preview":"max-image-preview:large","max-video-preview":"max-video-preview:-1"},"canonical":"https:\/\/jj-remont.pl\/index.php\/montaz-podlog\/","og_locale":"pl_PL","og_type":"article","og_title":"Monta\u017c Pod\u0142\u00f3g","og_description":"Monta\u017c Pod\u0142\u00f3g Pod\u0142oga musi sprosta\u0107 wielu naszym oczekiwaniom: by\u0107 funkcjonalna, \u0142adna, wytrzyma\u0142a i mie\u0107dobrze wyko\u0144czon\u0105 powierzchni\u0119.Warto te\u017c sprawdzi\u0107, czy t\u0119 najpi\u0119kniejsz\u0105 pod\u0142og\u0119, kt\u00f3r\u0105 wybrali\u015bmy mo\u017cemy zamontowa\u0107 w:&#8211; pomieszczeniu, gdzie jest ogrzewanie pod\u0142ogowe,&#8211; jak gruba jest warstwa drewna w przypadku pod\u0142ogi wielowarstwowej, aby mo\u017cna by\u0142o j\u0105 wprzysz\u0142o\u015bci cyklinowa\u0107 kilkakrotnie, je\u017celi taka potrzeba w pomieszczeniach o du\u017cym [&hellip;]","og_url":"https:\/\/jj-remont.pl\/index.php\/montaz-podlog\/","og_site_name":"JJ-remont","article_publisher":"https:\/\/www.facebook.com\/profile.php?id=100085496440510","article_modified_time":"2023-02-26T23:35:36+00:00","og_image":[{"url":"https:\/\/jj-remont.pl\/wp-content\/uploads\/2022\/09\/jj-remont_01-225x300.jpeg"}],"twitter_card":"summary_large_image","twitter_misc":{"Szacowany czas czytania":"1 minuta"},"schema":{"@context":"https:\/\/schema.org","@graph":[{"@type":"WebPage","@id":"https:\/\/jj-remont.pl\/index.php\/montaz-podlog\/","url":"https:\/\/jj-remont.pl\/index.php\/montaz-podlog\/","name":"Monta\u017c Pod\u0142\u00f3g - JJ-remont","isPartOf":{"@id":"https:\/\/jj-remont.pl\/#website"},"datePublished":"2023-02-26T23:34:25+00:00","dateModified":"2023-02-26T23:35:36+00:00","breadcrumb":{"@id":"https:\/\/jj-remont.pl\/index.php\/montaz-podlog\/#breadcrumb"},"inLanguage":"pl-PL","potentialAction":[{"@type":"ReadAction","target":["https:\/\/jj-remont.pl\/index.php\/montaz-podlog\/"]}]},{"@type":"BreadcrumbList","@id":"https:\/\/jj-remont.pl\/index.php\/montaz-podlog\/#breadcrumb","itemListElement":[{"@type":"ListItem","position":1,"name":"Strona g??wna","item":"https:\/\/jj-remont.pl\/"},{"@type":"ListItem","position":2,"name":"Monta\u017c Pod\u0142\u00f3g"}]},{"@type":"WebSite","@id":"https:\/\/jj-remont.pl\/#website","url":"https:\/\/jj-remont.pl\/","name":"JJ-remont","description":"- remonty i wyko\u0144czenia wn\u0119trz","publisher":{"@id":"https:\/\/jj-remont.pl\/#organization"},"potentialAction":[{"@type":"SearchAction","target":{"@type":"EntryPoint","urlTemplate":"https:\/\/jj-remont.pl\/?s={search_term_string}"},"query-input":"required name=search_term_string"}],"inLanguage":"pl-PL"},{"@type":"Organization","@id":"https:\/\/jj-remont.pl\/#organization","name":"jj-remont.pl","url":"https:\/\/jj-remont.pl\/","logo":{"@type":"ImageObject","inLanguage":"pl-PL","@id":"https:\/\/jj-remont.pl\/#\/schema\/logo\/image\/","url":"https:\/\/jj-remont.pl\/wp-content\/uploads\/2022\/08\/jj-remont-logo-v-transbckg.png","contentUrl":"https:\/\/jj-remont.pl\/wp-content\/uploads\/2022\/08\/jj-remont-logo-v-transbckg.png","width":220,"height":220,"caption":"jj-remont.pl"},"image":{"@id":"https:\/\/jj-remont.pl\/#\/schema\/logo\/image\/"},"sameAs":["https:\/\/www.facebook.com\/profile.php?id=100085496440510"]}]}},"_links":{"self":[{"href":"https:\/\/jj-remont.pl\/index.php\/wp-json\/wp\/v2\/pages\/3472"}],"collection":[{"href":"https:\/\/jj-remont.pl\/index.php\/wp-json\/wp\/v2\/pages"}],"about":[{"href":"https:\/\/jj-remont.pl\/index.php\/wp-json\/wp\/v2\/types\/page"}],"author":[{"embeddable":true,"href":"https:\/\/jj-remont.pl\/index.php\/wp-json\/wp\/v2\/users\/1"}],"replies":[{"embeddable":true,"href":"https:\/\/jj-remont.pl\/index.php\/wp-json\/wp\/v2\/comments?post=3472"}],"version-history":[{"count":5,"href":"https:\/\/jj-remont.pl\/index.php\/wp-json\/wp\/v2\/pages\/3472\/revisions"}],"predecessor-version":[{"id":3477,"href":"https:\/\/jj-remont.pl\/index.php\/wp-json\/wp\/v2\/pages\/3472\/revisions\/3477"}],"wp:attachment":[{"href":"https:\/\/jj-remont.pl\/index.php\/wp-json\/wp\/v2\/media?parent=3472"}],"curies":[{"name":"wp","href":"https:\/\/api.w.org\/{rel}","templated":true}]}}